{"id":2992,"date":"2025-01-29T12:43:08","date_gmt":"2025-01-29T11:43:08","guid":{"rendered":"https:\/\/uroczyskohenrykowo.pl\/?page_id=2992"},"modified":"2025-05-04T09:40:53","modified_gmt":"2025-05-04T07:40:53","slug":"datenschutzrichtlinie","status":"publish","type":"page","link":"https:\/\/uroczyskohenrykowo.pl\/de\/datenschutzrichtlinie\/","title":{"rendered":"Datenschutzrichtlinie"},"content":{"rendered":"<h2 class=\"wp-block-heading\">Wer wir sind<\/h2><p><strong class=\"privacy-policy-tutorial\">Vorgeschlagener Text:<\/strong> Die Adresse unserer Website lautet: https:\/\/uroczyskohenrykowo.pl.<\/p><h2 class=\"wp-block-heading\">Kommentare<\/h2><p><strong class=\"privacy-policy-tutorial\">Vorgeschlagener Text: <\/strong>Wenn Besucher Kommentare auf der Site hinterlassen, erfassen wir die im Kommentarformular angezeigten Daten sowie die IP-Adresse des Besuchers und die Zeichenfolge des Browser-Benutzeragenten, um die Spam-Erkennung zu unterst\u00fctzen.<\/p><p>Eine aus Ihrer E-Mail-Adresse erstellte anonymisierte Zeichenfolge (auch Hash genannt) kann dem Gravatar-Dienst zur Verf\u00fcgung gestellt werden, um zu pr\u00fcfen, ob sie verwendet wird. Die Datenschutzrichtlinie des Gravatar-Dienstes finden Sie unter: https:\/\/automattic.com\/privacy\/. Sobald Ihr Kommentar freigegeben wurde, ist Ihr Profilbild im Kontext Ihres Kommentars \u00f6ffentlich sichtbar. <\/p><h2 class=\"wp-block-heading\">Medien<\/h2><p><strong class=\"privacy-policy-tutorial\">Textvorschlag:<\/strong> Wenn Sie ein registrierter Benutzer sind und Bilder auf die Website hochladen, sollten Sie das Hochladen von Bildern mit EXIF-Standort-Tags vermeiden. Besucher der Site k\u00f6nnen vollst\u00e4ndige Standortdaten von Bildern auf der Site herunterladen und lesen. <\/p><h2 class=\"wp-block-heading\">Cookie-Hinweis<\/h2><p><strong class=\"privacy-policy-tutorial\">Vorgeschlagener Text:<\/strong> Wenn Sie auf der Site einen Kommentar hinterlassen, haben Sie die M\u00f6glichkeit, Ihren Namen, Ihre E-Mail-Adresse und Ihre Website in Cookies zu speichern, sodass diese Informationen bereits ausgef\u00fcllt sind, wenn Sie sp\u00e4ter Kommentare hinterlassen. Cookies verfallen nach einem Jahr. <\/p><p>Wenn Sie die Anmeldeseite besuchen, setzen wir ein tempor\u00e4res Cookie, um festzustellen, ob Ihr Browser Cookies akzeptiert. Es enth\u00e4lt keine personenbezogenen Daten und wird beim Schlie\u00dfen des Browsers gel\u00f6scht. <\/p><p>Wenn Sie sich anmelden, richten wir au\u00dferdem mehrere Cookies ein, um Ihre Anmeldeinformationen und Ihre Bildschirmanzeigeeinstellungen zu speichern. Anmelde-Cookies verfallen nach zwei Tagen und Cookies f\u00fcr Bildschirmoptionen nach einem Jahr. Wenn Sie \u201eAngemeldet bleiben\u201c aktivieren, l\u00e4uft Ihr Login nach zwei Wochen ab. Wenn Sie sich von Ihrem Konto abmelden, werden die Anmelde-Cookies gel\u00f6scht.   <\/p><p>Wenn Sie einen Artikel bearbeiten oder ver\u00f6ffentlichen, wird ein zus\u00e4tzlicher Cookie in Ihrem Browser gespeichert. Dieses Cookie enth\u00e4lt keine personenbezogenen Daten und gibt lediglich die Beitrags-ID des Artikels an, den Sie gerade bearbeitet haben. Es l\u00e4uft nach 1 Tag ab.  <\/p><h2 class=\"wp-block-heading\">Eingebettete Inhalte von anderen Websites<\/h2><p><strong class=\"privacy-policy-tutorial\">Vorgeschlagener Text:<\/strong> Artikel auf dieser Site k\u00f6nnen eingebettete Inhalte enthalten (z. B. Videos, Bilder, Artikel usw.). Eingebettete Inhalte von anderen Websites verhalten sich exakt so, als ob der Benutzer diese Website direkt besucht h\u00e4tte. <\/p><p>Diese Websites k\u00f6nnen Daten \u00fcber Sie sammeln, Cookies benutzen, zus\u00e4tzliche Tracking-Dienste von Dritten einbetten und Ihre Interaktion mit diesem eingebetteten Inhalt aufzeichnen, inklusive Ihrer Interaktion mit dem eingebetteten Inhalt, falls Sie ein Konto haben und auf dieser Website angemeldet sind.<\/p><h2 class=\"wp-block-heading\">Mit wem teilen wir Daten?<\/h2><p><strong class=\"privacy-policy-tutorial\">Vorgeschlagener Text: <\/strong>Wenn Sie eine Zur\u00fccksetzung des Passworts anfordern, wird Ihre IP-Adresse in die gesendete Nachricht aufgenommen.<\/p><h2 class=\"wp-block-heading\">Wie lange speichern wir Ihre Daten?<\/h2><p><strong class=\"privacy-policy-tutorial\">Textvorschlag: <\/strong>Wenn Sie einen Kommentar hinterlassen, bleiben der Kommentar und seine Metadaten auf unbestimmte Zeit erhalten. Auf diese Weise k\u00f6nnen wir nachfolgende Kommentare automatisch erkennen und freigeben, ohne sie jedes Mal zur Moderation zu schicken. <\/p><p>F\u00fcr Benutzer, die sich auf unserer Website registrieren (falls vorhanden), speichern wir zus\u00e4tzlich die pers\u00f6nlichen Informationen, die sie in ihrem Benutzerprofil angeben. Jeder Benutzer kann seine pers\u00f6nlichen Daten jederzeit einsehen, korrigieren oder l\u00f6schen (mit Ausnahme des Benutzernamens, der nicht ge\u00e4ndert werden kann). Site-Administratoren k\u00f6nnen diese Informationen ebenfalls anzeigen und \u00e4ndern.  <\/p><h2 class=\"wp-block-heading\">Welche Rechte haben Sie an Ihren Daten?<\/h2><p><strong class=\"privacy-policy-tutorial\">Vorgeschlagener Text: <\/strong>Wenn Sie \u00fcber ein Benutzerkonto verf\u00fcgen oder Kommentare auf dieser Site hinterlassen haben, k\u00f6nnen Sie eine exportierte Datei der personenbezogenen Daten anfordern, die wir \u00fcber Sie gespeichert haben, einschlie\u00dflich aller Daten, die Sie uns bereitgestellt haben. Sie k\u00f6nnen auch verlangen, dass wir alle personenbezogenen Daten l\u00f6schen, die wir \u00fcber Sie gespeichert haben. Dies umfasst nicht die Daten, die wir aufgrund administrativer, rechtlicher oder sicherheitsrelevanter Notwendigkeiten aufbewahren m\u00fcssen.  <\/p><h2 class=\"wp-block-heading\">Wohin wir Ihre Daten senden<\/h2><p><strong class=\"privacy-policy-tutorial\">Textvorschlag:<\/strong> Besucherkommentare k\u00f6nnten von einem automatisierten Dienst zur Spam-Erkennung untersucht werden.<\/p>","protected":false},"excerpt":{"rendered":"<p>Wer wir sind Vorgeschlagener Text: Die Adresse unserer Website lautet: https:\/\/uroczyskohenrykowo.pl. Kommentare Vorgeschlagener Text: Wenn Besucher Kommentare auf der Site hinterlassen, erfassen wir die im Kommentarformular angezeigten Daten sowie die IP-Adresse des Besuchers und die Zeichenfolge des Browser-Benutzeragenten, um die Spam-Erkennung zu unterst\u00fctzen. Eine aus Ihrer E-Mail-Adresse erstellte anonymisierte Zeichenfolge (auch Hash genannt) kann dem [&hellip;]<\/p>\n","protected":false},"author":8,"featured_media":0,"parent":0,"menu_order":0,"comment_status":"closed","ping_status":"open","template":"","meta":{"_et_pb_use_builder":"","_et_pb_old_content":"","_et_gb_content_width":"","footnotes":""},"class_list":["post-2992","page","type-page","status-publish","hentry"],"yoast_head":"<!-- This site is optimized with the Yoast SEO plugin v24.8.1 - https:\/\/yoast.com\/wordpress\/plugins\/seo\/ -->\n<title>Datenschutzrichtlinie - uroczysko henrykowo<\/title>\n<meta name=\"robots\" content=\"index, follow, max-snippet:-1, max-image-preview:large, max-video-preview:-1\" \/>\n<link rel=\"canonical\" href=\"https:\/\/uroczyskohenrykowo.pl\/de\/datenschutzrichtlinie\/\" \/>\n<meta property=\"og:locale\" content=\"de_DE\" \/>\n<meta property=\"og:type\" content=\"article\" \/>\n<meta property=\"og:title\" content=\"Datenschutzrichtlinie - uroczysko henrykowo\" \/>\n<meta property=\"og:description\" content=\"Wer wir sind Vorgeschlagener Text: Die Adresse unserer Website lautet: https:\/\/uroczyskohenrykowo.pl. Kommentare Vorgeschlagener Text: Wenn Besucher Kommentare auf der Site hinterlassen, erfassen wir die im Kommentarformular angezeigten Daten sowie die IP-Adresse des Besuchers und die Zeichenfolge des Browser-Benutzeragenten, um die Spam-Erkennung zu unterst\u00fctzen. Eine aus Ihrer E-Mail-Adresse erstellte anonymisierte Zeichenfolge (auch Hash genannt) kann dem [&hellip;]\" \/>\n<meta property=\"og:url\" content=\"https:\/\/uroczyskohenrykowo.pl\/de\/datenschutzrichtlinie\/\" \/>\n<meta property=\"og:site_name\" content=\"uroczysko henrykowo\" \/>\n<meta property=\"article:modified_time\" content=\"2025-05-04T07:40:53+00:00\" \/>\n<meta name=\"twitter:card\" content=\"summary_large_image\" \/>\n<meta name=\"twitter:label1\" content=\"Gesch\u00e4tzte Lesezeit\" \/>\n\t<meta name=\"twitter:data1\" content=\"3\u00a0Minuten\" \/>\n<script type=\"application\/ld+json\" class=\"yoast-schema-graph\">{\"@context\":\"https:\/\/schema.org\",\"@graph\":[{\"@type\":\"WebPage\",\"@id\":\"https:\/\/uroczyskohenrykowo.pl\/de\/datenschutzrichtlinie\/\",\"url\":\"https:\/\/uroczyskohenrykowo.pl\/de\/datenschutzrichtlinie\/\",\"name\":\"Datenschutzrichtlinie - uroczysko henrykowo\",\"isPartOf\":{\"@id\":\"https:\/\/uroczyskohenrykowo.pl\/de\/#website\"},\"datePublished\":\"2025-01-29T11:43:08+00:00\",\"dateModified\":\"2025-05-04T07:40:53+00:00\",\"breadcrumb\":{\"@id\":\"https:\/\/uroczyskohenrykowo.pl\/de\/datenschutzrichtlinie\/#breadcrumb\"},\"inLanguage\":\"de\",\"potentialAction\":[{\"@type\":\"ReadAction\",\"target\":[\"https:\/\/uroczyskohenrykowo.pl\/de\/datenschutzrichtlinie\/\"]}]},{\"@type\":\"BreadcrumbList\",\"@id\":\"https:\/\/uroczyskohenrykowo.pl\/de\/datenschutzrichtlinie\/#breadcrumb\",\"itemListElement\":[{\"@type\":\"ListItem\",\"position\":1,\"name\":\"Strona g\u0142\u00f3wna\",\"item\":\"https:\/\/uroczyskohenrykowo.pl\/de\/\"},{\"@type\":\"ListItem\",\"position\":2,\"name\":\"Datenschutzrichtlinie\"}]},{\"@type\":\"WebSite\",\"@id\":\"https:\/\/uroczyskohenrykowo.pl\/de\/#website\",\"url\":\"https:\/\/uroczyskohenrykowo.pl\/de\/\",\"name\":\"uroczysko henrykowo\",\"description\":\"\",\"potentialAction\":[{\"@type\":\"SearchAction\",\"target\":{\"@type\":\"EntryPoint\",\"urlTemplate\":\"https:\/\/uroczyskohenrykowo.pl\/de\/?s={search_term_string}\"},\"query-input\":{\"@type\":\"PropertyValueSpecification\",\"valueRequired\":true,\"valueName\":\"search_term_string\"}}],\"inLanguage\":\"de\"}]}<\/script>\n<!-- \/ Yoast SEO plugin. -->","yoast_head_json":{"title":"Datenschutzrichtlinie - uroczysko henrykowo","robots":{"index":"index","follow":"follow","max-snippet":"max-snippet:-1","max-image-preview":"max-image-preview:large","max-video-preview":"max-video-preview:-1"},"canonical":"https:\/\/uroczyskohenrykowo.pl\/de\/datenschutzrichtlinie\/","og_locale":"de_DE","og_type":"article","og_title":"Datenschutzrichtlinie - uroczysko henrykowo","og_description":"Wer wir sind Vorgeschlagener Text: Die Adresse unserer Website lautet: https:\/\/uroczyskohenrykowo.pl. Kommentare Vorgeschlagener Text: Wenn Besucher Kommentare auf der Site hinterlassen, erfassen wir die im Kommentarformular angezeigten Daten sowie die IP-Adresse des Besuchers und die Zeichenfolge des Browser-Benutzeragenten, um die Spam-Erkennung zu unterst\u00fctzen. Eine aus Ihrer E-Mail-Adresse erstellte anonymisierte Zeichenfolge (auch Hash genannt) kann dem [&hellip;]","og_url":"https:\/\/uroczyskohenrykowo.pl\/de\/datenschutzrichtlinie\/","og_site_name":"uroczysko henrykowo","article_modified_time":"2025-05-04T07:40:53+00:00","twitter_card":"summary_large_image","twitter_misc":{"Gesch\u00e4tzte Lesezeit":"3\u00a0Minuten"},"schema":{"@context":"https:\/\/schema.org","@graph":[{"@type":"WebPage","@id":"https:\/\/uroczyskohenrykowo.pl\/de\/datenschutzrichtlinie\/","url":"https:\/\/uroczyskohenrykowo.pl\/de\/datenschutzrichtlinie\/","name":"Datenschutzrichtlinie - uroczysko henrykowo","isPartOf":{"@id":"https:\/\/uroczyskohenrykowo.pl\/de\/#website"},"datePublished":"2025-01-29T11:43:08+00:00","dateModified":"2025-05-04T07:40:53+00:00","breadcrumb":{"@id":"https:\/\/uroczyskohenrykowo.pl\/de\/datenschutzrichtlinie\/#breadcrumb"},"inLanguage":"de","potentialAction":[{"@type":"ReadAction","target":["https:\/\/uroczyskohenrykowo.pl\/de\/datenschutzrichtlinie\/"]}]},{"@type":"BreadcrumbList","@id":"https:\/\/uroczyskohenrykowo.pl\/de\/datenschutzrichtlinie\/#breadcrumb","itemListElement":[{"@type":"ListItem","position":1,"name":"Strona g\u0142\u00f3wna","item":"https:\/\/uroczyskohenrykowo.pl\/de\/"},{"@type":"ListItem","position":2,"name":"Datenschutzrichtlinie"}]},{"@type":"WebSite","@id":"https:\/\/uroczyskohenrykowo.pl\/de\/#website","url":"https:\/\/uroczyskohenrykowo.pl\/de\/","name":"uroczysko henrykowo","description":"","potentialAction":[{"@type":"SearchAction","target":{"@type":"EntryPoint","urlTemplate":"https:\/\/uroczyskohenrykowo.pl\/de\/?s={search_term_string}"},"query-input":{"@type":"PropertyValueSpecification","valueRequired":true,"valueName":"search_term_string"}}],"inLanguage":"de"}]}},"_links":{"self":[{"href":"https:\/\/uroczyskohenrykowo.pl\/de\/wp-json\/wp\/v2\/pages\/2992","targetHints":{"allow":["GET"]}}],"collection":[{"href":"https:\/\/uroczyskohenrykowo.pl\/de\/wp-json\/wp\/v2\/pages"}],"about":[{"href":"https:\/\/uroczyskohenrykowo.pl\/de\/wp-json\/wp\/v2\/types\/page"}],"author":[{"embeddable":true,"href":"https:\/\/uroczyskohenrykowo.pl\/de\/wp-json\/wp\/v2\/users\/8"}],"replies":[{"embeddable":true,"href":"https:\/\/uroczyskohenrykowo.pl\/de\/wp-json\/wp\/v2\/comments?post=2992"}],"version-history":[{"count":1,"href":"https:\/\/uroczyskohenrykowo.pl\/de\/wp-json\/wp\/v2\/pages\/2992\/revisions"}],"predecessor-version":[{"id":2993,"href":"https:\/\/uroczyskohenrykowo.pl\/de\/wp-json\/wp\/v2\/pages\/2992\/revisions\/2993"}],"wp:attachment":[{"href":"https:\/\/uroczyskohenrykowo.pl\/de\/wp-json\/wp\/v2\/media?parent=2992"}],"curies":[{"name":"wp","href":"https:\/\/api.w.org\/{rel}","templated":true}]}}